{"id":603,"date":"2023-04-05T17:57:40","date_gmt":"2023-04-05T15:57:40","guid":{"rendered":"https:\/\/fundaciomonclinicbarcelona.cat\/privacy-policy\/"},"modified":"2026-04-22T11:18:36","modified_gmt":"2026-04-22T09:18:36","slug":"politica-de-privacitat","status":"publish","type":"page","link":"https:\/\/fundaciomonclinicbarcelona.cat\/en\/politica-de-privacitat\/","title":{"rendered":"Pol\u00edtica de privacitat"},"content":{"rendered":"<p>[et_pb_section admin_label=&#8221;section&#8221;] [et_pb_row admin_label=&#8221;row&#8221;] [et_pb_column type=&#8221;4_4&#8243;][et_pb_text admin_label=&#8221;Text&#8221;]<\/p>\r\n\r\n<p><strong>INFORMATION ON THE COLLECTION AND PROCESSING OF PERSONAL DATA THROUGH THE WEBSITE <\/strong><a href=\"http:\/\/WWW.xxxxxxxxxxxxxxxxxxxxxxxx\"><strong>WWW.<\/strong><\/a><strong> www.monclinic.cat<\/strong><strong> <\/strong><\/p>\r\n<p>This privacy policy has been approved by FUNDACI\u00d3 PRIVADA MON CLINIC BARCELONA in order to comply with the obligations and guarantees established in Regulation (EU) 2016\/679 of the European Parliament and of the Council of 27 April 2016 on the protection of natural persons with regard to the processing of personal data and on the free movement of such data, and in Organic Law 3\/2018 of 5 December on Personal Data Protection and Guarantee of Digital Rights.<\/p>\r\n<p>Through this policy, we inform users of the portal www.monclinic.cat about the use that FUNDACI\u00d3 PRIVADA MON CLINIC BARCELONA will make of the personal data that may be provided during the use of the portal:<\/p>\r\n<p><strong>Who is responsible for processing your data?<\/strong><\/p>\r\n<p>The controller of the data provided through the portal www.monclinic.cat is FUNDACI\u00d3 PRIVADA MON CLINIC BARCELONA<\/p>\r\n<p>FUNDACI\u00d3 PRIVADA M\u00d3N CLINIC BARCELONA was established by public deed dated December 17, 2021, authorized by the Notary of Barcelona Mr. Ram\u00f3n Garc\u00eda-Torrent Carballo, and is registered in the Foundations Registry of the Generalitat de Catalunya under number 3292. The Foundation\u2019s tax ID is G-G10631026.<\/p>\r\n<p>The postal address for users of the portal is:<\/p>\r\n<p>Seminari Conciliar de Barcelona<\/p>\r\n<p>C\/ de la Diputaci\u00f3, 231, 08007 Barcelona<\/p>\r\n<p>Contact email address: <a href=\"mailto:dpd@fundaciomonclinicbarcelona.cat\">dpd@fundaciomonclinicbarcelona.cat<\/a><\/p>\r\n\r\n<p><strong>Principles applied to the processing of personal data<\/strong><\/p>\r\n<p>The following principles are applied by FUNDACI\u00d3 PRIVADA M\u00d3N CLINIC BARCELONA and any staff member who has access to personal data. Personal data will always be:<\/p>\r\n<ul>\r\n<li>processed lawfully, fairly and in a transparent manner.<\/li>\r\n<li>collected for specified, explicit and legitimate purposes and not further processed in a manner incompatible with those purposes.<\/li>\r\n<li>adequate, relevant and limited to what is necessary in relation to the purposes for which they are processed.<\/li>\r\n<li>accurate and, where necessary, kept up to date, taking all reasonable steps to ensure that inaccurate data are erased or rectified.<\/li>\r\n<li>kept for no longer than necessary for the purposes of processing.<\/li>\r\n<li>processed in a manner that ensures appropriate security, including integrity and confidentiality.<\/li>\r\n<\/ul>\r\n\r\n<p><strong>What data do we process?<\/strong><\/p>\r\n<p>The data we collect through the website www.monclinic.cat are: Name and email address<\/p>\r\n<p>\u2026\u2026\u2026\u2026\u2026\u2026\u2026\u2026\u2026\u2026<\/p>\r\n<p>The personal data provided must be true, accurate and complete, and kept up to date. Completing a data collection form implies that you have been informed and have given your consent to this privacy policy. Failure to provide the required data marked with an asterisk, or providing incorrect data, will prevent us from properly handling your request.<\/p>\r\n\r\n<p><strong>For what purpose do we process your personal data?<\/strong><\/p>\r\n<p>The purpose of collecting your personal data is to manage any inquiries that may arise.<\/p>\r\n\r\n<p><strong>How long do we keep your data?<\/strong><\/p>\r\n<p>FUNDACI\u00d3 PRIVADA M\u00d3N CLINIC BARCELONA will retain the data for as long as necessary to fulfill the purpose for which it was collected and may retain it to determine any potential liabilities arising from that purpose and processing, in accordance with current legislation.<\/p>\r\n\r\n<p><strong>What is the legal basis for processing your data?<\/strong><\/p>\r\n<p>The legal bases for processing your data are:<\/p>\r\n<ul>\r\n<li><strong>Consent:<\/strong> the consent given by a user of the portal www.monclinic.cat to send a message through the CONTACT form legitimizes the processing of the email address for that purpose. Consent may be withdrawn at any time by sending an email to <a href=\"mailto:amiralles@fundaciomonclinicbarcelona.cat\">amiralles@fundaciomonclinicbarcelona.cat<\/a>.<\/li>\r\n<\/ul>\r\n\r\n<ul>\r\n<li><strong>Legitimate interest:<\/strong><\/li>\r\n<\/ul>\r\n\r\n<ul>\r\n<li><strong>Legal obligation:<\/strong> to respond to requests from public authorities when required by law or regulation.<\/li>\r\n<\/ul>\r\n\r\n<p><strong>To whom will your data be disclosed?<\/strong><\/p>\r\n<p>For the purposes described above, we may share your personal data with service providers.<\/p>\r\n<p>We may also disclose your personal data if required to comply with a legal obligation. In such cases, recipients may include courts, tax authorities, public bodies, and law enforcement agencies.<\/p>\r\n\r\n<p><strong>International data transfers<\/strong><\/p>\r\n<p>No data will be transferred to other countries.<\/p>\r\n\r\n<p><strong>What are your rights when you provide your data?<\/strong><\/p>\r\n<p>Individuals who provide personal data may exercise their rights under data protection regulations, including rights of opposition, access, rectification, erasure, and withdrawal of consent:<\/p>\r\n<p><strong>Right of access:<\/strong> You have the right to obtain access to your personal data (if we are processing it).<\/p>\r\n<p><strong>Right to object:<\/strong> You have the right to object to the processing of your data.<\/p>\r\n<p><strong>Right to rectification:<\/strong> You have the right to have inaccurate or incomplete data corrected.<\/p>\r\n<p><strong>Right to erasure:<\/strong> You may request the deletion of your data when there is no valid reason to continue processing it.<\/p>\r\n<p><strong>Right to withdraw consent:<\/strong> You may withdraw your consent at any time. Withdrawal does not affect the lawfulness of processing based on prior consent.<\/p>\r\n\r\n<p>In certain circumstances, data subjects may request the <strong>restriction of processing<\/strong>, in which case data will only be retained for the establishment or defense of legal claims.<\/p>\r\n\r\n<p>Data subjects also have the right to <strong>data portability<\/strong>, allowing them to receive their data in a structured format and transmit it to another controller.<\/p>\r\n\r\n<p>These rights can be exercised by writing, attaching a copy of your ID, to FUNDACI\u00d3 PRIVADA M\u00d3N CLINIC BARCELONA at C\/ Diputaci\u00f3 231, or by email to: dpd@fundaciomonclinicbarcelona.cat<\/p>\r\n\r\n<p>You also have the right to lodge a complaint with the Spanish Data Protection Agency (<a href=\"http:\/\/www.aepd.es\">www.aepd.es<\/a>).<\/p>\r\n\r\n<p>Publication date: June 2023<\/p>\r\n\r\n<p>[\/et_pb_text][\/et_pb_column] [\/et_pb_row] [\/et_pb_section]<\/p>","protected":false},"excerpt":{"rendered":"<p>[et_pb_section admin_label=&#8221;section&#8221;] [et_pb_row admin_label=&#8221;row&#8221;] [et_pb_column type=&#8221;4_4&#8243;][et_pb_text admin_label=&#8221;Text&#8221;] INFORMATION ON THE COLLECTION AND PROCESSING OF PERSONAL DATA THROUGH THE WEBSITE WWW. www.monclinic.cat This privacy policy has been approved by FUNDACI\u00d3 PRIVADA MON CLINIC BARCELONA in order to comply with the obligations and guarantees established in Regulation (EU) 2016\/679 of the European Parliament and of the Council [&hellip;]<\/p>\n","protected":false},"author":1,"featured_media":0,"parent":0,"menu_order":0,"comment_status":"closed","ping_status":"closed","template":"","meta":{"_et_pb_use_builder":"","_et_pb_old_content":"<!-- wp:divi\/placeholder \/-->\r\n<p><strong>INFORMACI\u00d3N SOBRE LA RECOGIDA Y TRATAMIENTO DE DATOS DE CAR\u00c1CTER PERSONAL A TRAV\u00c9S DE LA WEB <\/strong><a href=\"http:\/\/WWW.xxxxxxxxxxxxxxxxxxxxxxxx\"><strong>WWW.<\/strong><\/a><strong> www.monclinic.cat<\/strong><strong>\u00a0<\/strong><\/p>\r\n<p>La presente pol\u00edtica de privacidad ha sido aprobada por\u00a0 la FUNDACI\u00d3 PRIVADA MON CLINIC BARCELONA para cumplir con las obligaciones y garant\u00edas establecidas en el Reglamento (UE) 2016\/679 del Parlamento Europeo y del Consejo de 27 de abril de 2016 relativo a la protecci\u00f3n de las personas f\u00edsicas en lo que respecta al tratamiento de datos personales y a la libre circulaci\u00f3n de estos datos, y en la Ley Org\u00e1nica 3\/2018, de 5 de diciembre, de Protecci\u00f3n de Datos Personales y Garant\u00eda de los Derechos Digitales.<\/p>\r\n<p>Mediante esta pol\u00edtica, procedemos a informar al usuario del portal www.monclinic.cat del uso que FUNDACI\u00d3 PRIVADA MON CLINIC BARCELONA va a realizar de los datos de car\u00e1cter personal que nos pueda facilitar durante el uso del portal:<\/p>\r\n<p><strong>\u00bfQui\u00e9n es el responsable del tratamiento de sus datos?:<\/strong><\/p>\r\n<p>El responsable del tratamiento de los datos facilitados a trav\u00e9s del portal www.monclinic.cat es la FUNDACI\u00d3 PRIVADA MON CLINIC BARCELONA<\/p>\r\n<p>FUNDACI\u00d3 PRIVADA M\u00d3N CLINIC BARCELONA se constituy\u00f3 mediante escritura p\u00fablica de fecha 17 de diciembre del 2021 autorizada por el Notario de Barcelona D. Ram\u00f3n Garc\u00eda-Torrent Carballo, y se halla inscrita en el registro de fundaciones de la Generalitat de Catalunya con el n\u00famero 3292. La Fundaci\u00f3n tiene el CIF G-G10631026<\/p>\r\n<p>La direcci\u00f3n postal, a la que podr\u00e1n dirigirse los usuarios del portal, es:<\/p>\r\n<p>Seminari Conciliar de Barcelona<\/p>\r\n<p>C\/ de la Diputaci\u00f3, 231, 08007 Barcelona<\/p>\r\n<p>Direcci\u00f3n de correo electr\u00f3nico de contacto: <a href=\"mailto:dpd@fundaciomonclinicbarcelona.cat\">dpd@fundaciomonclinicbarcelona.cat<\/a><\/p>\r\n<p><strong>\u00a0<\/strong><\/p>\r\n<p><strong>Principios aplicados para el tratamiento de datos personales <\/strong><\/p>\r\n<p>Los principios indicados a continuaci\u00f3n son aplicados por FUNDACI\u00d3 PRIVADA M\u00d3N CLINIC BARCELONA y por cualquier persona de su plantilla que tenga acceso a datos personales. Los datos personales ser\u00e1n siempre:<\/p>\r\n<ul>\r\n<li>tratados de manera l\u00edcita, leal y transparente.<\/li>\r\n<li>recogidos con fines determinados, expl\u00edcitos y leg\u00edtimos, y no ser\u00e1n tratados ulteriormente de manera incompatible con dichos fines.<\/li>\r\n<li>adecuados, pertinentes y limitados a lo necesario en relaci\u00f3n con los fines para los que son tratados.<\/li>\r\n<li>exactos y, si fuera necesario, actualizados, adopt\u00e1ndose todas las medidas razonables para que se supriman o rectifiquen aquellos que sean inexactos con respecto a los fines para los que se tratan.<\/li>\r\n<li>conservados durante no m\u00e1s tiempo del necesario para los fines del tratamiento.<\/li>\r\n<li>tratados con integridad y confidencialidad, de modo tal que se garantice una seguridad adecuada de aquellos.<\/li>\r\n<\/ul>\r\n<p>\u00a0<\/p>\r\n<p><strong>\u00bfQu\u00e9 datos tratamos?<\/strong><\/p>\r\n<p>Los datos que recogemos a trav\u00e9s de la web www.monclinic.cat son: Nombre y correo electr\u00f3nico<\/p>\r\n<p>\u2026\u2026\u2026\u2026\u2026\u2026\u2026\u2026\u2026\u2026<\/p>\r\n<p>Los datos personales que se proporcionen deber\u00e1n ser verdaderos, exactos y completos y mantenerse actualizados. La cumplimentaci\u00f3n de un formulario de recogida de datos implicar\u00e1 que ha sido informado y que ha prestado su consentimiento al contenido de la presente pol\u00edtica de privacidad. La falta de aportaci\u00f3n de los datos marcados en el formulario con un asterisco, o el suministro de datos incorrectos, imposibilitar\u00e1 que podamos gestionar correctamente las solicitudes efectuadas.<\/p>\r\n<p>\u00a0<\/p>\r\n<p><strong>\u00bfCon qu\u00e9 finalidad tratamos sus datos personales?:<\/strong><\/p>\r\n<p>La finalidad de la recogida de sus datos personales es para poder gestionar las consultas que puedan generarse.<\/p>\r\n<p>\u00a0<\/p>\r\n<p><strong>\u00bfPor cu\u00e1nto tiempo conservamos sus datos?<\/strong><\/p>\r\n<p>FUNDACI\u00d3 PRIVADA M\u00d3N CLINIC BARCELONA conservar\u00e1 los datos durante el tiempo necesario para cumplir con la finalidad para la que se recabaron y los podr\u00e1 conservar para determinar las posibles responsabilidades que se pudieran derivar de dicha finalidad y tratamiento de conformidad con la legislaci\u00f3n vigente.<\/p>\r\n<p>\u00a0<\/p>\r\n<p><strong>\u00bfCu\u00e1l es la legitimaci\u00f3n para el tratamiento de sus datos?:<\/strong><\/p>\r\n<p>Las bases que legitiman el tratamiento de sus datos son:<\/p>\r\n<ul>\r\n<li><strong>Consentimiento:<\/strong> el consentimiento prestado por un usuario del portal www.monclinic.cat para poder enviar un mensaje a trav\u00e9s del formulario de CONTACTO es una base que legitima el tratamiento del correo electr\u00f3nico con esa finalidad. El consentimiento prestado podr\u00e1 ser retirado en cualquier momento enviando un correo electr\u00f3nico a nuestro departamento de atenci\u00f3n <a href=\"mailto:amiralles@fundaciomonclinicbarcelona.cat\">amiralles@fundaciomonclinicbarcelona.cat<\/a> .<\/li>\r\n<\/ul>\r\n<p>\u00a0<\/p>\r\n<ul>\r\n<li><strong>Inter\u00e9s leg\u00edtimo:<\/strong><\/li>\r\n<\/ul>\r\n<p>\u00a0<\/p>\r\n<p>\u00a0<\/p>\r\n<ul>\r\n<li><strong>Obligaci\u00f3n legal<\/strong>: dar respuesta a peticiones de autoridades p\u00fablicas en aquellos casos en que sea obligatorio por disposici\u00f3n legal o reglamentaria.<\/li>\r\n<\/ul>\r\n<p>\u00a0<\/p>\r\n<p><strong>\u00bfA qu\u00e9 Destinatarios se comunicar\u00e1n sus datos?<\/strong><\/p>\r\n<p>Para los fines establecidos anteriormente, podemos proporcionar sus datos personales a nuestros proveedores que nos prestan determinados servicios.<\/p>\r\n<p>Adem\u00e1s, podemos divulgar sus datos personales si tenemos la obligaci\u00f3n de revelar o compartir sus datos personales con el fin de cumplir cualquier obligaci\u00f3n legal. Los destinatarios de los datos en tales supuestos podr\u00edan ser tribunales, administraci\u00f3n tributaria, organismos p\u00fablicos, fuerzas y cuerpos de seguridad.<\/p>\r\n<p>\u00a0<\/p>\r\n<p><strong>Transferencias internacionales de datos <\/strong><\/p>\r\n<p>No se transferir\u00e1n datos a otros pa\u00edses.<\/p>\r\n<p>\u00a0<\/p>\r\n<p><strong>\u00bfCu\u00e1les son sus derechos cuando nos facilita sus datos?<\/strong><\/p>\r\n<p>Las personas que faciliten sus datos personales pueden ejercer cualquiera de los derechos indicados en la normativa de protecci\u00f3n de datos personales y, en particular, sus derechos de oposici\u00f3n, acceso, rectificaci\u00f3n, supresi\u00f3n de datos y retirar el consentimiento prestado:<\/p>\r\n<p><strong>Derecho de acceso<\/strong>: Tiene derecho a obtener acceso a sus datos personales (si los estamos procesando)<\/p>\r\n<p><strong>Derecho de oposici\u00f3n:<\/strong> Tiene derecho a oponerse al tratamiento de sus datos<\/p>\r\n<p><strong>Derecho de rectificaci\u00f3n<\/strong>: Tiene derecho a que se corrijan sus datos personales si son inexactos o incompletos.<\/p>\r\n<p><strong>Derecho a la supresi\u00f3n<\/strong>: Le permite solicitar la supresi\u00f3n o eliminaci\u00f3n de sus datos personales cuando no haya una raz\u00f3n de peso para que sigamos utiliz\u00e1ndolos<\/p>\r\n<p><strong>Derecho a retirar el consentimiento prestado<\/strong>: en cualquier momento puede retirar el consentimiento prestado. La retirada del consentimiento no afectar\u00e1 a la licitud del tratamiento basado en el consentimiento previo a su retirada.<\/p>\r\n<p>En determinadas circunstancias los interesados podr\u00e1n as\u00ed mismo solicitar la <strong>limitaci\u00f3n del tratamiento de sus datos,<\/strong> en cuyo caso \u00fanicamente las conservaremos para el ejercicio o la defensa de las reclamaciones.<\/p>\r\n<p>Los interesados tienen tambi\u00e9n derecho a la <strong>portabilidad de sus datos<\/strong>, que posibilita recibir los datos proporcionados por el interesado durante la utilizaci\u00f3n de la web en un formato estructurado que permita al interesado su almacenamiento, as\u00ed como su transmisi\u00f3n a otro responsable del tratamiento.<\/p>\r\n<p>El ejercicio de los derechos anteriores se podr\u00e1 llevar a cabo dirigi\u00e9ndose por escrito, adjuntando una copia de su documento de identidad, al domicilio social de FUNDACI\u00d3 PRIVADA M\u00d3N CLINIC BARCELONA sito en calle Diputaci\u00f3, 231 o bien dirigiendo un correo electr\u00f3nico a la siguiente direcci\u00f3n: dpd@fundaciomonclinicbarcelona.cat<\/p>\r\n<p>Por \u00faltimo, le informamos que tiene derecho a presentar una reclamaci\u00f3n ante la Agencia Espa\u00f1ola de protecci\u00f3n de datos, para la tutela de cualquier de sus derechos (<a href=\"http:\/\/www.aepd.es\">www.aepd.es<\/a>).<\/p>\r\n<p>\u00a0<\/p>\r\n<p>Fecha de publicaci\u00f3n: \u2026\u2026\u2026. Junio 2023<\/p>\r\n<p><strong>INFORMACI\u00d3N SOBRE LA RECOGIDA Y TRATAMIENTO DE DATOS DE CAR\u00c1CTER PERSONAL A TRAV\u00c9S DE LA WEB <\/strong><a href=\"http:\/\/WWW.xxxxxxxxxxxxxxxxxxxxxxxx\"><strong>WWW.<\/strong><\/a><strong> www.monclinic.cat<\/strong><\/p>\r\n<p><strong>\u00a0<\/strong><\/p>\r\n<p>La presente pol\u00edtica de privacidad ha sido aprobada por\u00a0 la FUNDACI\u00d3 PRIVADA MON CLINIC BARCELONA para cumplir con las obligaciones y garant\u00edas establecidas en el Reglamento (UE) 2016\/679 del Parlamento Europeo y del Consejo de 27 de abril de 2016 relativo a la protecci\u00f3n de las personas f\u00edsicas en lo que respecta al tratamiento de datos personales y a la libre circulaci\u00f3n de estos datos, y en la Ley Org\u00e1nica 3\/2018, de 5 de diciembre, de Protecci\u00f3n de Datos Personales y Garant\u00eda de los Derechos Digitales.<\/p>\r\n<p>Mediante esta pol\u00edtica, procedemos a informar al usuario del portal www.monclinic.cat del uso que FUNDACI\u00d3 PRIVADA MON CLINIC BARCELONA va a realizar de los datos de car\u00e1cter personal que nos pueda facilitar durante el uso del portal:<\/p>\r\n<p><strong>\u00bfQui\u00e9n es el responsable del tratamiento de sus datos?:<\/strong><\/p>\r\n<p>El responsable del tratamiento de los datos facilitados a trav\u00e9s del portal www.monclinic.cat es la FUNDACI\u00d3 PRIVADA MON CLINIC BARCELONA<\/p>\r\n<p>FUNDACI\u00d3 PRIVADA M\u00d3N CLINIC BARCELONA se constituy\u00f3 mediante escritura p\u00fablica de fecha 17 de diciembre del 2021 autorizada por el Notario de Barcelona D. Ram\u00f3n Garc\u00eda-Torrent Carballo, y se halla inscrita en el registro de fundaciones de la Generalitat de Catalunya con el n\u00famero 3292. La Fundaci\u00f3n tiene el CIF G-G10631026<\/p>\r\n<p>La direcci\u00f3n postal, a la que podr\u00e1n dirigirse los usuarios del portal, es:<\/p>\r\n<p>Seminari Conciliar de Barcelona<\/p>\r\n<p>C\/ de la Diputaci\u00f3, 231, 08007 Barcelona<\/p>\r\n<p>Direcci\u00f3n de correo electr\u00f3nico de contacto: <a href=\"mailto:dpd@fundaciomonclinicbarcelona.cat\">dpd@fundaciomonclinicbarcelona.cat<\/a><\/p>\r\n<p><strong>\u00a0<\/strong><\/p>\r\n<p><strong>Principios aplicados para el tratamiento de datos personales <\/strong><\/p>\r\n<p>Los principios indicados a continuaci\u00f3n son aplicados por FUNDACI\u00d3 PRIVADA M\u00d3N CLINIC BARCELONA y por cualquier persona de su plantilla que tenga acceso a datos personales. Los datos personales ser\u00e1n siempre:<\/p>\r\n<ul>\r\n<li>tratados de manera l\u00edcita, leal y transparente.<\/li>\r\n<li>recogidos con fines determinados, expl\u00edcitos y leg\u00edtimos, y no ser\u00e1n tratados ulteriormente de manera incompatible con dichos fines.<\/li>\r\n<li>adecuados, pertinentes y limitados a lo necesario en relaci\u00f3n con los fines para los que son tratados.<\/li>\r\n<li>exactos y, si fuera necesario, actualizados, adopt\u00e1ndose todas las medidas razonables para que se supriman o rectifiquen aquellos que sean inexactos con respecto a los fines para los que se tratan.<\/li>\r\n<li>conservados durante no m\u00e1s tiempo del necesario para los fines del tratamiento.<\/li>\r\n<li>tratados con integridad y confidencialidad, de modo tal que se garantice una seguridad adecuada de aquellos.<\/li>\r\n<\/ul>\r\n<p>\u00a0<\/p>\r\n<p><strong>\u00bfQu\u00e9 datos tratamos?<\/strong><\/p>\r\n<p>Los datos que recogemos a trav\u00e9s de la web www.monclinic.cat son: Nombre y correo electr\u00f3nico<\/p>\r\n<p>\u2026\u2026\u2026\u2026\u2026\u2026\u2026\u2026\u2026\u2026<\/p>\r\n<p>Los datos personales que se proporcionen deber\u00e1n ser verdaderos, exactos y completos y mantenerse actualizados. La cumplimentaci\u00f3n de un formulario de recogida de datos implicar\u00e1 que ha sido informado y que ha prestado su consentimiento al contenido de la presente pol\u00edtica de privacidad. La falta de aportaci\u00f3n de los datos marcados en el formulario con un asterisco, o el suministro de datos incorrectos, imposibilitar\u00e1 que podamos gestionar correctamente las solicitudes efectuadas.<\/p>\r\n<p>\u00a0<\/p>\r\n<p><strong>\u00bfCon qu\u00e9 finalidad tratamos sus datos personales?:<\/strong><\/p>\r\n<p>La finalidad de la recogida de sus datos personales es para poder gestionar las consultas que puedan generarse.<\/p>\r\n<p>\u00a0<\/p>\r\n<p><strong>\u00bfPor cu\u00e1nto tiempo conservamos sus datos?<\/strong><\/p>\r\n<p>FUNDACI\u00d3 PRIVADA M\u00d3N CLINIC BARCELONA conservar\u00e1 los datos durante el tiempo necesario para cumplir con la finalidad para la que se recabaron y los podr\u00e1 conservar para determinar las posibles responsabilidades que se pudieran derivar de dicha finalidad y tratamiento de conformidad con la legislaci\u00f3n vigente.<\/p>\r\n<p>\u00a0<\/p>\r\n<p><strong>\u00bfCu\u00e1l es la legitimaci\u00f3n para el tratamiento de sus datos?:<\/strong><\/p>\r\n<p>Las bases que legitiman el tratamiento de sus datos son:<\/p>\r\n<ul>\r\n<li><strong>Consentimiento:<\/strong> el consentimiento prestado por un usuario del portal www.monclinic.cat para poder enviar un mensaje a trav\u00e9s del formulario de CONTACTO es una base que legitima el tratamiento del correo electr\u00f3nico con esa finalidad. El consentimiento prestado podr\u00e1 ser retirado en cualquier momento enviando un correo electr\u00f3nico a nuestro departamento de atenci\u00f3n <a href=\"mailto:amiralles@fundaciomonclinicbarcelona.cat\">amiralles@fundaciomonclinicbarcelona.cat<\/a> .<\/li>\r\n<\/ul>\r\n<p>\u00a0<\/p>\r\n<ul>\r\n<li><strong>Inter\u00e9s leg\u00edtimo:<\/strong><\/li>\r\n<\/ul>\r\n<p>\u00a0<\/p>\r\n<p>\u00a0<\/p>\r\n<ul>\r\n<li><strong>Obligaci\u00f3n legal<\/strong>: dar respuesta a peticiones de autoridades p\u00fablicas en aquellos casos en que sea obligatorio por disposici\u00f3n legal o reglamentaria.<\/li>\r\n<\/ul>\r\n<p>\u00a0<\/p>\r\n<p><strong>\u00bfA qu\u00e9 Destinatarios se comunicar\u00e1n sus datos?<\/strong><\/p>\r\n<p>Para los fines establecidos anteriormente, podemos proporcionar sus datos personales a nuestros proveedores que nos prestan determinados servicios.<\/p>\r\n<p>Adem\u00e1s, podemos divulgar sus datos personales si tenemos la obligaci\u00f3n de revelar o compartir sus datos personales con el fin de cumplir cualquier obligaci\u00f3n legal. Los destinatarios de los datos en tales supuestos podr\u00edan ser tribunales, administraci\u00f3n tributaria, organismos p\u00fablicos, fuerzas y cuerpos de seguridad.<\/p>\r\n<p>\u00a0<\/p>\r\n<p><strong>Transferencias internacionales de datos <\/strong><\/p>\r\n<p>No se transferir\u00e1n datos a otros pa\u00edses.<\/p>\r\n<p>\u00a0<\/p>\r\n<p><strong>\u00bfCu\u00e1les son sus derechos cuando nos facilita sus datos?<\/strong><\/p>\r\n<p>Las personas que faciliten sus datos personales pueden ejercer cualquiera de los derechos indicados en la normativa de protecci\u00f3n de datos personales y, en particular, sus derechos de oposici\u00f3n, acceso, rectificaci\u00f3n, supresi\u00f3n de datos y retirar el consentimiento prestado:<\/p>\r\n<p><strong>Derecho de acceso<\/strong>: Tiene derecho a obtener acceso a sus datos personales (si los estamos procesando)<\/p>\r\n<p><strong>Derecho de oposici\u00f3n:<\/strong> Tiene derecho a oponerse al tratamiento de sus datos<\/p>\r\n<p><strong>Derecho de rectificaci\u00f3n<\/strong>: Tiene derecho a que se corrijan sus datos personales si son inexactos o incompletos.<\/p>\r\n<p><strong>Derecho a la supresi\u00f3n<\/strong>: Le permite solicitar la supresi\u00f3n o eliminaci\u00f3n de sus datos personales cuando no haya una raz\u00f3n de peso para que sigamos utiliz\u00e1ndolos<\/p>\r\n<p><strong>Derecho a retirar el consentimiento prestado<\/strong>: en cualquier momento puede retirar el consentimiento prestado. La retirada del consentimiento no afectar\u00e1 a la licitud del tratamiento basado en el consentimiento previo a su retirada.<\/p>\r\n<p>En determinadas circunstancias los interesados podr\u00e1n as\u00ed mismo solicitar la <strong>limitaci\u00f3n del tratamiento de sus datos,<\/strong> en cuyo caso \u00fanicamente las conservaremos para el ejercicio o la defensa de las reclamaciones.<\/p>\r\n<p>Los interesados tienen tambi\u00e9n derecho a la <strong>portabilidad de sus datos<\/strong>, que posibilita recibir los datos proporcionados por el interesado durante la utilizaci\u00f3n de la web en un formato estructurado que permita al interesado su almacenamiento, as\u00ed como su transmisi\u00f3n a otro responsable del tratamiento.<\/p>\r\n<p>El ejercicio de los derechos anteriores se podr\u00e1 llevar a cabo dirigi\u00e9ndose por escrito, adjuntando una copia de su documento de identidad, al domicilio social de FUNDACI\u00d3 PRIVADA M\u00d3N CLINIC BARCELONA sito en calle Diputaci\u00f3, 231 o bien dirigiendo un correo electr\u00f3nico a la siguiente direcci\u00f3n: dpd@fundaciomonclinicbarcelona.cat<\/p>\r\n<p>Por \u00faltimo, le informamos que tiene derecho a presentar una reclamaci\u00f3n ante la Agencia Espa\u00f1ola de protecci\u00f3n de datos, para la tutela de cualquier de sus derechos (<a href=\"http:\/\/www.aepd.es\">www.aepd.es<\/a>).<\/p>\r\n<p>\u00a0<\/p>\r\n<p>Fecha de publicaci\u00f3n:\u00a0 14 Junio 2023<\/p>","_et_gb_content_width":"","inline_featured_image":false,"footnotes":""},"class_list":["post-603","page","type-page","status-publish","hentry"],"_links":{"self":[{"href":"https:\/\/fundaciomonclinicbarcelona.cat\/en\/wp-json\/wp\/v2\/pages\/603","targetHints":{"allow":["GET"]}}],"collection":[{"href":"https:\/\/fundaciomonclinicbarcelona.cat\/en\/wp-json\/wp\/v2\/pages"}],"about":[{"href":"https:\/\/fundaciomonclinicbarcelona.cat\/en\/wp-json\/wp\/v2\/types\/page"}],"author":[{"embeddable":true,"href":"https:\/\/fundaciomonclinicbarcelona.cat\/en\/wp-json\/wp\/v2\/users\/1"}],"replies":[{"embeddable":true,"href":"https:\/\/fundaciomonclinicbarcelona.cat\/en\/wp-json\/wp\/v2\/comments?post=603"}],"version-history":[{"count":3,"href":"https:\/\/fundaciomonclinicbarcelona.cat\/en\/wp-json\/wp\/v2\/pages\/603\/revisions"}],"predecessor-version":[{"id":2563,"href":"https:\/\/fundaciomonclinicbarcelona.cat\/en\/wp-json\/wp\/v2\/pages\/603\/revisions\/2563"}],"wp:attachment":[{"href":"https:\/\/fundaciomonclinicbarcelona.cat\/en\/wp-json\/wp\/v2\/media?parent=603"}],"curies":[{"name":"wp","href":"https:\/\/api.w.org\/{rel}","templated":true}]}}