{"id":383,"date":"2023-05-25T10:22:22","date_gmt":"2023-05-25T08:22:22","guid":{"rendered":"https:\/\/fundaciomonclinicbarcelona.cat\/politica-de-cookies\/"},"modified":"2023-06-15T10:16:49","modified_gmt":"2023-06-15T08:16:49","slug":"politica-de-cookies","status":"publish","type":"page","link":"https:\/\/fundaciomonclinicbarcelona.cat\/es\/politica-de-cookies\/","title":{"rendered":"Pol\u00edtica de cookies"},"content":{"rendered":"<p><strong>\u00bfQu\u00e9 es una cookie?<\/strong><\/p>\n<p>Una cookie es un fichero que se descarga en el ordenador\/smart phone\/tablet del usuario al acceder a determinadas p\u00e1ginas web para almacenar y recuperar informaci\u00f3n sobre la navegaci\u00f3n que se efect\u00faa desde dicho equipo. La cookie no contiene ni recopila informaci\u00f3n. Se usa en la publicidad basada en el comportamiento para identificar a usuarios que comparten un determinado inter\u00e9s, de modo que se les puedan ofrecer anuncios m\u00e1s relevantes.<\/p>\n<p><strong>\u00bfQu\u00e9 cookies utiliza el portal y qu\u00e9 informaci\u00f3n recogen estas cookies?<\/strong><\/p>\n<p>La FUNDACI\u00d3 PRIVADA MON CLINIC BARCELONA utiliza en este sitio web las siguientes cookies:<\/p>\n<ol>\n<li>Cookies de sesi\u00f3n: Estas cookies son utilizadas para mantener el estado de la sesi\u00f3n del usuario mientras navega por el sitio. Permiten que los usuarios se mantengan conectados y realicen acciones dentro del sitio. Permiten que los usuarios se mantengan conectados y realicen acciones dentro del sitio. T\u00edpicamente, estas cookies contienen un identificador de sesi\u00f3n \u00fanico que se asigna al usuario cuando inicia sesi\u00f3n y se utiliza para reconocer al usuario en cada p\u00e1gina que visita.<\/li>\n<li>Cookies de autenticaci\u00f3n: Si tu sitio permite a los usuarios registrarse y acceder a contenidos espec\u00edficos, es probable que se utilicen cookies de autenticaci\u00f3n para verificar la identidad del usuario y permitirle acceder a su cuenta. Estas cookies contienen informaci\u00f3n cifrada que ayuda a identificar y autenticar al usuario, lo que permite que el sistema reconozca si el usuario ha iniciado sesi\u00f3n o no.<\/li>\n<li>Cookies de idioma: Si utilizas el plugin WPML para la traducci\u00f3n del contenido, es posible que se utilicen cookies para almacenar la preferencia de idioma del usuario y mostrarle el contenido en el idioma seleccionado. Estas cookies pueden contener informaci\u00f3n sobre el idioma preferido del usuario y se utilizan para personalizar la experiencia de navegaci\u00f3n mostrando el contenido en el idioma correcto.<\/li>\n<li>Cookies de formulario de contacto: Si tienes un formulario de contacto en tu sitio web, es posible que se utilicen cookies para recordar los datos ingresados por el usuario, como el nombre y la direcci\u00f3n de correo electr\u00f3nico, para facilitar el proceso de env\u00edo del formulario. Estas cookies pueden almacenar temporalmente la informaci\u00f3n del usuario mientras navega por las p\u00e1ginas del formulario y se utilizan para asegurarse de que los datos se env\u00eden correctamente cuando el usuario env\u00eda el formulario.<\/li>\n<\/ol>\n<p>&nbsp;<\/p>\n","protected":false},"excerpt":{"rendered":"<p>\u00bfQu\u00e9 es una cookie? Una cookie es un fichero que se descarga en el ordenador\/smart phone\/tablet del usuario al acceder a determinadas p\u00e1ginas web para almacenar y recuperar informaci\u00f3n sobre la navegaci\u00f3n que se efect\u00faa desde dicho equipo. La cookie no contiene ni recopila informaci\u00f3n. Se usa en la publicidad basada en el comportamiento para [&hellip;]<\/p>\n","protected":false},"author":1,"featured_media":0,"parent":0,"menu_order":0,"comment_status":"closed","ping_status":"closed","template":"","meta":{"_et_pb_use_builder":"","_et_pb_old_content":"","_et_gb_content_width":"","inline_featured_image":false,"footnotes":""},"class_list":["post-383","page","type-page","status-publish","hentry"],"_links":{"self":[{"href":"https:\/\/fundaciomonclinicbarcelona.cat\/es\/wp-json\/wp\/v2\/pages\/383","targetHints":{"allow":["GET"]}}],"collection":[{"href":"https:\/\/fundaciomonclinicbarcelona.cat\/es\/wp-json\/wp\/v2\/pages"}],"about":[{"href":"https:\/\/fundaciomonclinicbarcelona.cat\/es\/wp-json\/wp\/v2\/types\/page"}],"author":[{"embeddable":true,"href":"https:\/\/fundaciomonclinicbarcelona.cat\/es\/wp-json\/wp\/v2\/users\/1"}],"replies":[{"embeddable":true,"href":"https:\/\/fundaciomonclinicbarcelona.cat\/es\/wp-json\/wp\/v2\/comments?post=383"}],"version-history":[{"count":4,"href":"https:\/\/fundaciomonclinicbarcelona.cat\/es\/wp-json\/wp\/v2\/pages\/383\/revisions"}],"predecessor-version":[{"id":936,"href":"https:\/\/fundaciomonclinicbarcelona.cat\/es\/wp-json\/wp\/v2\/pages\/383\/revisions\/936"}],"wp:attachment":[{"href":"https:\/\/fundaciomonclinicbarcelona.cat\/es\/wp-json\/wp\/v2\/media?parent=383"}],"curies":[{"name":"wp","href":"https:\/\/api.w.org\/{rel}","templated":true}]}}