{"id":385,"date":"2023-05-25T10:23:27","date_gmt":"2023-05-25T08:23:27","guid":{"rendered":"https:\/\/fundaciomonclinicbarcelona.cat\/aviso-legal\/"},"modified":"2023-10-09T16:06:55","modified_gmt":"2023-10-09T14:06:55","slug":"aviso-legal","status":"publish","type":"page","link":"https:\/\/fundaciomonclinicbarcelona.cat\/es\/aviso-legal\/","title":{"rendered":"Aviso legal"},"content":{"rendered":"<p>[et_pb_section fb_built=\u00bb1&#8243; admin_label=\u00bbsection\u00bb _builder_version=\u00bb4.16&#8243; global_colors_info=\u00bb{}\u00bb theme_builder_area=\u00bbpost_content\u00bb][et_pb_row admin_label=\u00bbrow\u00bb _builder_version=\u00bb4.16&#8243; background_size=\u00bbinitial\u00bb background_position=\u00bbtop_left\u00bb background_repeat=\u00bbrepeat\u00bb global_colors_info=\u00bb{}\u00bb theme_builder_area=\u00bbpost_content\u00bb][et_pb_column type=\u00bb4_4&#8243; _builder_version=\u00bb4.16&#8243; custom_padding=\u00bb|||\u00bb global_colors_info=\u00bb{}\u00bb custom_padding__hover=\u00bb|||\u00bb theme_builder_area=\u00bbpost_content\u00bb][et_pb_text admin_label=\u00bbText\u00bb _builder_version=\u00bb4.20.2&#8243; background_size=\u00bbinitial\u00bb background_position=\u00bbtop_left\u00bb background_repeat=\u00bbrepeat\u00bb hover_enabled=\u00bb0&#8243; global_colors_info=\u00bb{}\u00bb theme_builder_area=\u00bbpost_content\u00bb sticky_enabled=\u00bb0&#8243;]<\/p>\n<p><strong>I.- AVISO LEGAL<\/strong><\/p>\n<p>Este aviso legal regula el uso del sitio web <a href=\"http:\/\/www.monclinic.cat\">www.monclinic.cat<\/a> y de los siguientes sitios:<\/p>\n<p><a href=\"http:\/\/www.bcccbarcelona.com\">www.bcccbarcelona.com<\/a><\/p>\n<p><a href=\"http:\/\/www.eixampleclinic.es\/cursos-formacion-reglada\/\">www.eixampleclinic.es\/cursos-formacion-reglada\/<\/a><\/p>\n<p><a href=\"http:\/\/www.aulaclinic.com\/\">http:\/\/www.aulaclinic.com\/<\/a><\/p>\n<p>Rogamos lea detenidamente su contenido antes de navegar por el portal.<\/p>\n<p><strong><u>1.-INFORMACI\u00d3N SOBRE EL RESPONSABLE DEL SITIO WEB<\/u><\/strong><\/p>\n<p>La FUNDACI\u00d3N PRIVADA MUNDO CLINIC BARCELONA es la responsable de la p\u00e1gina <a href=\"http:\/\/www.monclinic.cat\">www.monclinic.ca<\/a>t.<\/p>\n<p>FUNDACI\u00d3 PRIVADA M\u00d3N CLINIC BARCELONA se constituy\u00f3 mediante escritura p\u00fablica de fecha 17 de diciembre de 2021 autorizada por el Notario de Barcelona. Ram\u00f3n Garc\u00eda-Torrent Carballo, y est\u00e1 inscrita en el registro de fundaciones de la Generalidad de Catalu\u00f1a con el n\u00famero 3292. La Fundaci\u00f3n tiene el CIF G-10631026<\/p>\n<p>La direcci\u00f3n postal, a la que podr\u00e1n dirigirse los usuarios del portal, es:<\/p>\n<p>Seminari Conciliar de Barcelona<\/p>\n<p>C\/ de la Diputaci\u00f3, 231, 08007 Barcelona<\/p>\n<p>Direcci\u00f3n de correo electr\u00f3nico de contacto: <a href=\"mailto:amiralles@fundaciomonclinicbarcelona.cat\">amiralles@fundaciomonclinicbarcelona.cat<\/a><\/p>\n<p>N\u00famero de tel\u00e9fono de contacto: 608174842<\/p>\n<p><strong><u>2.- FINALIDAD DEL PORTAL Y CONDICIONES DE USO<\/u><\/strong><\/p>\n<p>El portal <a href=\"http:\/\/www.monclinic.cat\">www.monclinic.cat<\/a> ha sido creado para que los usuarios conozcan la FUNDACI\u00d3 PRIVADA M\u00d3N CLINIC BARCELONA y las actividades y proyectos que \u00e9sta lleva a cabo.<\/p>\n<p>Estas condiciones de uso junto con la pol\u00edtica de cookies y la pol\u00edtica de privacidad constituyen el conjunto de las normas que regulan el uso del portal www.monclinic.cat. El acceso al portal le convierte en usuario e implica la aceptaci\u00f3n de estas condiciones de uso.<\/p>\n<p>Las condiciones de uso estar\u00e1n siempre a disposici\u00f3n de los usuarios en castellano y podr\u00e1n guardarse o imprimirse mediante la funci\u00f3n \u201cimprimir\u201d del navegador. Han sido elaboradas de conformidad con las leyes espa\u00f1olas aplicables. Las condiciones de uso est\u00e1n vigentes mientras est\u00e1n publicadas. Nos reservamos el derecho a modificar en cualquier momento estas condiciones de uso. Cualquier modificaci\u00f3n surtir\u00e1 efectos a partir de la fecha de publicaci\u00f3n. Cuando se modifiquen las condiciones se incluir\u00e1 un aviso en la p\u00e1gina inicial para que los usuarios est\u00e9n informados.<\/p>\n<p>Al aceptar las presentes Condiciones de Uso el Usuario declara que es mayor y dispone de la capacidad legal necesaria en Derecho. El usuario se compromete a respetar todas las condiciones incluidas en este aviso legal, siendo responsable de no utilizar el portal para prop\u00f3sitos ilegales, fraudulentos o no autorizados o para cualquier actividad que infrinja derechos de terceros.<\/p>\n<p>La navegaci\u00f3n por el Portal <a href=\"http:\/\/www.monclinic.cat\">www.monclinic.cat<\/a> es gratuita y no requiere alta como usuario.<\/p>\n<p>No obstante, para realizar una consulta, es imprescindible crear una cuenta de usuario rellenando el formulario de CONTACTO correspondiente con sus datos. El uso que FUNDACI\u00d3 PRIVADA M\u00d3N CLINIC BARCELONA efectuar\u00e1 de los datos facilitados se contempla en el apartado de Pol\u00edtica de Privacidad (bot\u00f3n de acceso al apartado de Pol\u00edtica de Privacidad).<\/p>\n<p><strong><u>3.-<\/u><\/strong><u><strong>PROPIEDAD INTELECTUAL E INDUSTRIA<\/strong><\/u><\/p>\n<p>Todos los elementos del portal www.monclinic.cat (incluidos textos, fotograf\u00edas, gr\u00e1ficos, im\u00e1genes, iconos, tecnolog\u00eda, software, links y otros contenidos audiovisuales o sonoros, as\u00ed como su dise\u00f1o gr\u00e1fico y c\u00f3digos fuente) y tambi\u00e9n las marcas o nombres comerciales est\u00e1n protegidos por las disposiciones de propiedad intelectual e industrial. Los derechos sobre este contenido pertenecen o han sido licenciados en FUNDACI\u00d3 PRIVADA M\u00d3N CLINIC BARCELONA. S\u00f3lo se permite el uso privado y no comercial de los contenidos. Cualquier uso distinto queda totalmente prohibido y sujeto a autorizaci\u00f3n de FUNDACI\u00d3 PRIVADA M\u00d2N CLINIC BARCELONA o de los correspondientes titulares de derechos. Entre otros, se proh\u00edbe reproducir, distribuir, extraer, exhibir, transmitir, almacenar, puesta a disposici\u00f3n desde bases de datos, transformar, crear trabajos derivados, poner a la venta, o utilizar contenidos o informaci\u00f3n contenida en el portal www.monclinic. cat sin la previa autorizaci\u00f3n de FUNDACI\u00d3 PRIVADA M\u00d3N CLINIC BARCELONA o de los correspondientes titulares de derechos. La infracci\u00f3n de esta prohibici\u00f3n legitimar\u00e1 a la FUNDACI\u00d3 PRIVADA M\u00d3N CLINIC BARCELONA para interponer las reclamaciones que legalmente corresponda en defensa de sus derechos.<\/p>\n<p><strong><u>4.- ENLACES<\/u><\/strong><\/p>\n<p>Queda prohibido cualquier establecimiento de links (enlaces) a otro portal dirigidos al portal www.monclinic.cat sin el previo y formalizado consentimiento por escrito de FUNDACI\u00d3 PRIVADA M\u00d3N CLINIC BARCELONA.<\/p>\n<p>El establecimiento de un enlace al portal www.monclinic.cat que dirija al usuario a otro portal no implica la aceptaci\u00f3n ni aprobaci\u00f3n por parte de FUNDACI\u00d3 PRIVADA M\u00d3N CL\u00cdNIC BARCELONA de los contenidos del portal enlazado. De conformidad con la normativa vigente, FUNDACI\u00d3 PRIVADA M\u00d3N CLINIC BARCELONA \u00fanicamente responder\u00e1 de tales contenidos si tiene conocimiento de su ilicitud. Sin embargo, y en cumplimiento de la normativa vigente FUNDACI\u00d3 PRIVADA M\u00d3N CLINIC BARCELONA, en caso de advertir cualquier contenido ilegal, suprimir\u00e1 el enlace y lo comunicar\u00e1 a las autoridades pertinentes. Si tiene conocimiento de que alguno de los sitios enlazados tiene contenidos il\u00edcitos o no adecuados, le rogamos que lo ponga en nuestro conocimiento en nuestro departamento de atenci\u00f3n al cliente al correo electr\u00f3nico amiralles@fundaciomonclinicbarcelona.cat.<\/p>\n<p>El apartado del Portal \u201cmecenazgo y proyectos sociales\u201d le enlazar\u00e1 con una web que es gestionada por el Hospital Cl\u00ednic de Barcelona, con quien la FUNDACI\u00d3 PRIVADA MON CLINIC BARCELONA tiene suscrito un acuerdo de colaboraci\u00f3n<\/p>\n<p><strong><u>5.- COOKIES<\/u><\/strong><\/p>\n<p><strong><em>\u00bfQu\u00e9 es una cookie?<\/em><\/strong><\/p>\n<p>Una cookie es un archivo que se descarga en el ordenador\/smartphone\/tablet del usuario al acceder a determinadas p\u00e1ginas web para almacenar y recuperar informaci\u00f3n sobre la navegaci\u00f3n que se efect\u00faa desde dicho equipo. La cookie no contiene ni recopila informaci\u00f3n. Se utiliza en la publicidad basada en el comportamiento para identificar usuarios que comparten un determinado inter\u00e9s, de modo que se les puedan ofrecer anuncios m\u00e1s relevantes.<\/p>\n<p><strong><em>\u00bfQu\u00e9 cookies utiliza el portal y qu\u00e9 informaci\u00f3n recogen estas cookies?<\/em><\/strong><\/p>\n<p>El portal <a href=\"http:\/\/www.monclinic.cat\">www.monclinic.cat<\/a> utiliza en este sitio web las siguientes cookies:<\/p>\n<p>1- Cookies de sesi\u00f3n: Estas cookies son utilizadas para mantener el estado de la sesi\u00f3n del usuario mientras navega por el sitio. Permiten que los usuarios se mantengan conectados y realicen acciones dentro del sitio. T\u00edpicamente estas cookies contienen un identificador de sesi\u00f3n \u00fanico que se asigna al usuario cuando inicia sesi\u00f3n y se utiliza para reconocer al usuario en cada p\u00e1gina que visita.<br \/>2- Cookies de autenticaci\u00f3n: Si su sitio permite a los usuarios registrarse y acceder a contenidos espec\u00edficos, es probable que se utilicen cookies de autenticaci\u00f3n para verificar la identidad del usuario y permitir acceder a su cuenta. Estas cookies contienen informaci\u00f3n cifrada que ayuda a identificar y autenticar al usuario, lo que permite que el sistema reconozca si el usuario ha iniciado sesi\u00f3n o no.<br \/>3- Cookies de idioma: Si utiliza el plugin WPML para la traducci\u00f3n del contenido, es posible que utilice cookies para almacenar la preferencia de idioma del usuario y mostrarle el contenido en el idioma seleccionado. Estas cookies pueden contener informaci\u00f3n sobre el idioma preferido del usuario y se utilizan para personalizar la experiencia de navegaci\u00f3n mostrando el contenido en el idioma correcto.<br \/>4- Cookies de formulario de contacto: Si tiene un formulario de contacto en su sitio web, es posible que se utilicen cookies para recordar los datos ingresados por el usuario, como el nombre y la direcci\u00f3n de correo electr\u00f3nico, para facilitar el proceso de env\u00edo del formulario. Estas cookies pueden almacenar temporalmente la informaci\u00f3n del usuario mientras navega por las p\u00e1ginas del formulario y se utilizan para asegurarse de que los datos se env\u00eden correctamente cuando el usuario env\u00eda el formulario.<\/p>\n<p><strong><em>\u00bfC\u00f3mo puede desactivar las cookies?<\/em><\/strong><\/p>\n<p>Las cookies se pueden desactivar en la configuraci\u00f3n de su navegador web. Puede ajustar la configuraci\u00f3n de cookies para bloquearlas, rechazarlas o eliminarlas seg\u00fan sus preferencias. Las instrucciones para desactivar las cookies pueden variar seg\u00fan el navegador que utilice. Consulta la secci\u00f3n de ayuda o la configuraci\u00f3n del navegador para obtener m\u00e1s informaci\u00f3n sobre c\u00f3mo gestionar las cookies.<\/p>\n<p><strong><u>6.- SEGURIDAD<\/u><\/strong><\/p>\n<p>El env\u00edo y remisi\u00f3n de datos que el usuario realice a trav\u00e9s del portal www.monclinic.cat o la informaci\u00f3n que \u00e9sta remita, est\u00e1 protegida por seguridad y encriptaci\u00f3n avanzadas. Asimismo, los datos suministrados y almacenados en nuestras bases de datos se encuentran igualmente protegidos por sistemas de seguridad que impiden el acceso de terceros no autorizados a los mismos.<\/p>\n<p>El portal www.monclinic.cat incorpora las salvaguardias adecuadas y utiliza la tecnolog\u00eda m\u00e1s avanzada del sector, como cifrado SSL (Secure Sockets Layer) y firewalls, para mejorar la seguridad, integridad, exhaustividad, exactitud y protecci\u00f3n de sus datos personales recopilados. Asimismo, se han establecido precauciones razonables para proteger esta informaci\u00f3n de posibles p\u00e9rdidas o malos usos, incluido el acceso restringido a los datos por parte de personal autorizado y la implementaci\u00f3n de medidas de seguridad f\u00edsicas y l\u00f3gicas<\/p>\n<p><strong><u>7.- RESPONSABILIDAD<\/u><\/strong><\/p>\n<p>La FUNDACI\u00d3 PRIVADA MON CLINIC BARCELONA no ser\u00e1 responsable de interrupciones y\/o mal funcionamiento en el servicio, retrasos, disfunciones y, en general, cualquier inconveniente y\/o da\u00f1os cuyo origen est\u00e9 en causas ajenas a la FUNDACI\u00d3 PRIVADA MON CLINIC BARCELONA ( incluyendo, entre otros, ca\u00edda de la red, ataques inform\u00e1ticos, virus etc.)<\/p>\n<p><strong><u>8.- LEGISLACI\u00d3N Y FUERO<\/u><\/strong><\/p>\n<p>Ser\u00e1 de aplicaci\u00f3n la ley espa\u00f1ola aplicable (entre otros, Ley 34\/2002, de servicios de la sociedad de la informaci\u00f3n y la Ley Org\u00e1nica 3\/2018, de 5 de diciembre, de protecci\u00f3n de datos personales y garant\u00eda de los derechos digitales)<\/p>\n<p>Para resolver cualquier cuesti\u00f3n litigiosa derivada del uso de este portal, la controversia deber\u00e1 dirimirse ante los juzgados y tribunales de la ciudad de Barcelona.<\/p>\n<p>\u00daltima publicaci\u00f3n: fecha 14Junio 2023.<\/p>\n<p>&nbsp;<\/p>\n<p>&nbsp;<\/p>\n<p>[\/et_pb_text][\/et_pb_column][\/et_pb_row][\/et_pb_section]<\/p>\n","protected":false},"excerpt":{"rendered":"<p>I.- AVISO LEGAL Este aviso legal regula el uso del sitio web www.monclinic.cat y de los siguientes sitios: www.bcccbarcelona.com www.eixampleclinic.es\/cursos-formacion-reglada\/ http:\/\/www.aulaclinic.com\/ Rogamos lea detenidamente su contenido antes de navegar por el portal. 1.-INFORMACI\u00d3N SOBRE EL RESPONSABLE DEL SITIO WEB La FUNDACI\u00d3N PRIVADA MUNDO CLINIC BARCELONA es la responsable de la p\u00e1gina www.monclinic.cat. FUNDACI\u00d3 PRIVADA M\u00d3N [&hellip;]<\/p>\n","protected":false},"author":1,"featured_media":0,"parent":0,"menu_order":0,"comment_status":"closed","ping_status":"closed","template":"","meta":{"_et_pb_use_builder":"on","_et_pb_old_content":"","_et_gb_content_width":"","inline_featured_image":false,"footnotes":""},"class_list":["post-385","page","type-page","status-publish","hentry"],"_links":{"self":[{"href":"https:\/\/fundaciomonclinicbarcelona.cat\/es\/wp-json\/wp\/v2\/pages\/385","targetHints":{"allow":["GET"]}}],"collection":[{"href":"https:\/\/fundaciomonclinicbarcelona.cat\/es\/wp-json\/wp\/v2\/pages"}],"about":[{"href":"https:\/\/fundaciomonclinicbarcelona.cat\/es\/wp-json\/wp\/v2\/types\/page"}],"author":[{"embeddable":true,"href":"https:\/\/fundaciomonclinicbarcelona.cat\/es\/wp-json\/wp\/v2\/users\/1"}],"replies":[{"embeddable":true,"href":"https:\/\/fundaciomonclinicbarcelona.cat\/es\/wp-json\/wp\/v2\/comments?post=385"}],"version-history":[{"count":6,"href":"https:\/\/fundaciomonclinicbarcelona.cat\/es\/wp-json\/wp\/v2\/pages\/385\/revisions"}],"predecessor-version":[{"id":1167,"href":"https:\/\/fundaciomonclinicbarcelona.cat\/es\/wp-json\/wp\/v2\/pages\/385\/revisions\/1167"}],"wp:attachment":[{"href":"https:\/\/fundaciomonclinicbarcelona.cat\/es\/wp-json\/wp\/v2\/media?parent=385"}],"curies":[{"name":"wp","href":"https:\/\/api.w.org\/{rel}","templated":true}]}}