{"id":387,"date":"2023-05-25T10:46:03","date_gmt":"2023-05-25T08:46:03","guid":{"rendered":"https:\/\/fundaciomonclinicbarcelona.cat\/que-hacemos\/"},"modified":"2025-12-15T10:36:50","modified_gmt":"2025-12-15T08:36:50","slug":"que-hacemos","status":"publish","type":"page","link":"https:\/\/fundaciomonclinicbarcelona.cat\/es\/que-hacemos\/","title":{"rendered":"Qu\u00e9 hacemos"},"content":{"rendered":"<p>[et_pb_section fb_built=\u00bb1&#8243; _builder_version=\u00bb4.20.2&#8243; _module_preset=\u00bbdefault\u00bb background_color=\u00bb#184887&#8243; global_colors_info=\u00bb{}\u00bb][et_pb_row _builder_version=\u00bb4.20.2&#8243; _module_preset=\u00bbdefault\u00bb global_colors_info=\u00bb{}\u00bb][et_pb_column type=\u00bb4_4&#8243; _builder_version=\u00bb4.20.2&#8243; _module_preset=\u00bbdefault\u00bb global_colors_info=\u00bb{}\u00bb][et_pb_post_title meta=\u00bboff\u00bb featured_image=\u00bboff\u00bb _builder_version=\u00bb4.20.2&#8243; _module_preset=\u00bbdefault\u00bb title_font=\u00bb|700|||||||\u00bb title_text_color=\u00bb#FFFFFF\u00bb custom_padding=\u00bb120px||120px||true|false\u00bb border_color_left=\u00bb#FFFFFF\u00bb global_colors_info=\u00bb{}\u00bb][\/et_pb_post_title][\/et_pb_column][\/et_pb_row][\/et_pb_section][et_pb_section fb_built=\u00bb1&#8243; admin_label=\u00bbLa nostra ra\u00f3 de ser\u00bb _builder_version=\u00bb4.20.2&#8243; _module_preset=\u00bbdefault\u00bb custom_padding=\u00bb100px||100px||true|false\u00bb locked=\u00bboff\u00bb collapsed=\u00bboff\u00bb global_colors_info=\u00bb{}\u00bb][et_pb_row _builder_version=\u00bb4.20.2&#8243; _module_preset=\u00bbdefault\u00bb global_colors_info=\u00bb{}\u00bb][et_pb_column type=\u00bb4_4&#8243; _builder_version=\u00bb4.20.2&#8243; _module_preset=\u00bbdefault\u00bb global_colors_info=\u00bb{}\u00bb][et_pb_text _builder_version=\u00bb4.20.2&#8243; _module_preset=\u00bbdefault\u00bb header_2_font=\u00bb|700|||||||\u00bb header_2_text_align=\u00bbleft\u00bb header_2_font_size=\u00bb34px\u00bb header_2_line_height=\u00bb1.2em\u00bb global_colors_info=\u00bb{}\u00bb]<\/p>\n<h2><b>\u00c9stas son nuestras l\u00edneas de Actividad<\/b><\/h2>\n<p>[\/et_pb_text][\/et_pb_column][\/et_pb_row][et_pb_row column_structure=\u00bb1_3,1_3,1_3&#8243; use_custom_gutter=\u00bbon\u00bb gutter_width=\u00bb2&#8243; module_id=\u00bbbccc\u00bb _builder_version=\u00bb4.20.2&#8243; _module_preset=\u00bbdefault\u00bb custom_margin=\u00bb50px||80px||false|false\u00bb custom_padding=\u00bb||||false|false\u00bb global_colors_info=\u00bb{}\u00bb][et_pb_column type=\u00bb1_3&#8243; _builder_version=\u00bb4.20.2&#8243; _module_preset=\u00bbdefault\u00bb global_colors_info=\u00bb{}\u00bb][et_pb_blurb title=\u00bbBCCC (CRO &amp; CORELAB)\u00bb image=\u00bbhttps:\/\/fundaciomonclinicbarcelona.cat\/wp-content\/uploads\/2023\/04\/national-cancer-institute-XknuBmnjbKg-unsplash.jpg\u00bb _builder_version=\u00bb4.20.2&#8243; _module_preset=\u00bbdefault\u00bb header_font=\u00bb|700|||||||\u00bb header_text_color=\u00bb#FFFFFF\u00bb background_color=\u00bb#184887&#8243; image_icon_custom_margin=\u00bb||0px||false|false\u00bb custom_padding=\u00bb||||false|false\u00bb custom_css_blurb_image=\u00bbmargin:0;\u00bb custom_css_blurb_title=\u00bbpadding:25px;||\u00bb global_colors_info=\u00bb{}\u00bb background__hover_enabled=\u00bbon|hover\u00bb background_color__hover=\u00bb#88D2E4&#8243; background_enable_color__hover=\u00bbon\u00bb][\/et_pb_blurb][\/et_pb_column][et_pb_column type=\u00bb1_3&#8243; _builder_version=\u00bb4.20.2&#8243; _module_preset=\u00bbdefault\u00bb global_colors_info=\u00bb{}\u00bb][et_pb_text admin_label=\u00bbBCCC (Barcelona Clinical Coordinating Center)\u00bb _builder_version=\u00bb4.20.2&#8243; _module_preset=\u00bbdefault\u00bb text_text_color=\u00bb#707070&#8243; global_colors_info=\u00bb{}\u00bb]<\/p>\n<h3><strong>BCCC (Barcelona Clinical Coordinating Center)<\/strong><\/h3>\n<div>\n<p><span><b><i>CRO (Contract Research Organization) acad\u00e9mica de referencia en ensayos cl\u00ednicos e investigaci\u00f3n.<\/i><\/b><\/span><\/p>\n<\/div>\n<p class=\"p1\">[\/et_pb_text][et_pb_text admin_label=\u00bbCRO\u00bb _builder_version=\u00bb4.20.2&#8243; _module_preset=\u00bbdefault\u00bb text_text_color=\u00bb#707070&#8243; global_colors_info=\u00bb{}\u00bb]<\/p>\n<h3 class=\"p1\"><b>CRO<\/b><\/h3>\n<p class=\"p1\">Como <b>CRO<\/b> de servicio completo, nuestras soluciones incluyen todas las actividades, desde el dise\u00f1o, montaje y seguimiento de ensayos cl\u00ednicos y estudios de investigaci\u00f3n, hasta la gesti\u00f3n de datos, an\u00e1lisis estad\u00edsticos y redacci\u00f3n m\u00e9dica, abarcando todo el proceso de introducci\u00f3n de nuevos dispositivos y productos de farmacia en el mercado.<\/p>\n<p>[\/et_pb_text][et_pb_button button_url=\u00bb&lt;!&#8211;&#91;CDATA&#91;https:\/\/bcccbarcelona.com\/&#93;&#93;&#8211;&gt;\u00bb button_text=\u00bbWeb\u00bb admin_label=\u00bbWeb\u00bb _builder_version=\u00bb4.20.2&#8243; _module_preset=\u00bbdefault\u00bb hover_enabled=\u00bb0&#8243; global_colors_info=\u00bb{}\u00bb sticky_enabled=\u00bb0&#8243;][\/et_pb_button][\/et_pb_column][et_pb_column type=\u00bb1_3&#8243; _builder_version=\u00bb4.20.2&#8243; _module_preset=\u00bbdefault\u00bb global_colors_info=\u00bb{}\u00bb][et_pb_text admin_label=\u00bbCORELAB\u00bb _builder_version=\u00bb4.20.2&#8243; _module_preset=\u00bbdefault\u00bb text_text_color=\u00bb#707070&#8243; custom_padding=\u00bb140px||||false|false\u00bb global_colors_info=\u00bb{}\u00bb]<\/p>\n<h3 class=\"p1\"><b>CORELAB<\/b><\/h3>\n<p class=\"p1\">Somos un proveedor de servicios de an\u00e1lisis centralizado de im\u00e1genes en ensayos cl\u00ednicos. Ofrecemos un servicio completo de transferencia, gesti\u00f3n de datos y revisiones de im\u00e1genes centralizadas independientes por parte de especialistas en im\u00e1genes certificados.<\/p>\n<p>[\/et_pb_text][et_pb_button button_url=\u00bb&lt;!&#8211;&#91;CDATA&#91;https:\/\/bcccbarcelona.com\/services\/centralized-imaging-core-lab\/&#93;&#93;&#8211;&gt;\u00bb button_text=\u00bbWeb\u00bb admin_label=\u00bbWeb\u00bb _builder_version=\u00bb4.20.2&#8243; _module_preset=\u00bbdefault\u00bb hover_enabled=\u00bb0&#8243; global_colors_info=\u00bb{}\u00bb sticky_enabled=\u00bb0&#8243;][\/et_pb_button][\/et_pb_column][\/et_pb_row][et_pb_row column_structure=\u00bb1_3,2_3&#8243; use_custom_gutter=\u00bbon\u00bb gutter_width=\u00bb2&#8243; module_id=\u00bbeixample\u00bb _builder_version=\u00bb4.20.2&#8243; _module_preset=\u00bbdefault\u00bb custom_margin=\u00bb50px||80px||false|false\u00bb custom_padding=\u00bb||||false|false\u00bb global_colors_info=\u00bb{}\u00bb][et_pb_column type=\u00bb1_3&#8243; _builder_version=\u00bb4.20.2&#8243; _module_preset=\u00bbdefault\u00bb global_colors_info=\u00bb{}\u00bb][et_pb_blurb title=\u00bbEIXAMPLECL\u00cdNIC\u00bb image=\u00bbhttps:\/\/fundaciomonclinicbarcelona.cat\/wp-content\/uploads\/2023\/04\/accuray-khajEKGDSgg-unsplash.jpg\u00bb _builder_version=\u00bb4.20.2&#8243; _module_preset=\u00bbdefault\u00bb header_font=\u00bb|700|||||||\u00bb header_text_color=\u00bb#FFFFFF\u00bb background_color=\u00bb#184887&#8243; image_icon_custom_margin=\u00bb||0px||false|false\u00bb custom_padding=\u00bb||||false|false\u00bb custom_css_blurb_image=\u00bbmargin:0;\u00bb custom_css_blurb_title=\u00bbpadding:25px;||\u00bb global_colors_info=\u00bb{}\u00bb background_color__hover=\u00bb#88D2E4&#8243; background__hover_enabled=\u00bbon|hover\u00bb background_enable_color__hover=\u00bbon\u00bb][\/et_pb_blurb][\/et_pb_column][et_pb_column type=\u00bb2_3&#8243; _builder_version=\u00bb4.20.2&#8243; _module_preset=\u00bbdefault\u00bb global_colors_info=\u00bb{}\u00bb][et_pb_text _builder_version=\u00bb4.20.2&#8243; _module_preset=\u00bbdefault\u00bb text_text_color=\u00bb#707070&#8243; global_colors_info=\u00bb{}\u00bb]<\/p>\n<h3 class=\"p1\"><b>EIXAMPLECL\u00cdNIC<\/b><\/h3>\n<p class=\"p1\"><b><i>Escuela de referencia en formaci\u00f3n de t\u00e9cnicos del sector sanitario en Catalu\u00f1a.<\/i><\/b><\/p>\n<p class=\"p2\"><i><\/i><\/p>\n<p class=\"p1\">Desde sus inicios, en 2005, el Eixample Cl\u00ednic ha apostado por un modelo acad\u00e9mico de formaci\u00f3n profesional basado en la innovaci\u00f3n tecnol\u00f3gica, la especializaci\u00f3n, la personalizaci\u00f3n y las pr\u00e1cticas en un entorno real profesional. Todos los grados se pueden cursar tanto en la modalidad presencial como a distancia.<\/p>\n<p class=\"p1\">El objetivo de nuestro plan de estudios es formar a los mejores profesionales sanitarios del futuro en un entorno real y realizar pr\u00e1cticas reales desde el inicio de los estudios.<\/p>\n<p>[\/et_pb_text][et_pb_button button_url=\u00bbhttps:\/\/www.eixampleclinic.es\/cursos-formacion-reglada\/%20&#8243; url_new_window=\u00bbon\u00bb button_text=\u00bbWeb\u00bb _builder_version=\u00bb4.20.2&#8243; _module_preset=\u00bbdefault\u00bb global_colors_info=\u00bb{}\u00bb][\/et_pb_button][\/et_pb_column][\/et_pb_row][et_pb_row column_structure=\u00bb1_3,2_3&#8243; use_custom_gutter=\u00bbon\u00bb gutter_width=\u00bb2&#8243; module_id=\u00bbaulaclinic\u00bb _builder_version=\u00bb4.20.2&#8243; _module_preset=\u00bbdefault\u00bb custom_margin=\u00bb50px||80px||false|false\u00bb custom_padding=\u00bb||||false|false\u00bb global_colors_info=\u00bb{}\u00bb][et_pb_column type=\u00bb1_3&#8243; _builder_version=\u00bb4.20.2&#8243; _module_preset=\u00bbdefault\u00bb global_colors_info=\u00bb{}\u00bb][et_pb_blurb title=\u00bbAULACL\u00cdNIC\u00bb image=\u00bbhttps:\/\/fundaciomonclinicbarcelona.cat\/wp-content\/uploads\/2023\/04\/national-cancer-institute-NFvdKIhxYlU-unsplash.jpg\u00bb _builder_version=\u00bb4.20.2&#8243; _module_preset=\u00bbdefault\u00bb header_font=\u00bb|700|||||||\u00bb header_text_color=\u00bb#FFFFFF\u00bb background_color=\u00bb#184887&#8243; image_icon_custom_margin=\u00bb||0px||false|false\u00bb custom_padding=\u00bb||||false|false\u00bb custom_css_blurb_image=\u00bbmargin:0;\u00bb custom_css_blurb_title=\u00bbpadding:25px;||\u00bb global_colors_info=\u00bb{}\u00bb background_color__hover=\u00bb#88D2E4&#8243; background__hover_enabled=\u00bbon|hover\u00bb background_enable_color__hover=\u00bbon\u00bb][\/et_pb_blurb][\/et_pb_column][et_pb_column type=\u00bb2_3&#8243; _builder_version=\u00bb4.20.2&#8243; _module_preset=\u00bbdefault\u00bb global_colors_info=\u00bb{}\u00bb][et_pb_text _builder_version=\u00bb4.20.2&#8243; _module_preset=\u00bbdefault\u00bb text_text_color=\u00bb#707070&#8243; global_colors_info=\u00bb{}\u00bb]<\/p>\n<h3 class=\"p1\"><b>AULACL\u00cdNIC<\/b><\/h3>\n<p class=\"p1\"><b><i>Instrumento de referencia en el servicio del Campus Cl\u00ednic para desarrollar iniciativas de formaci\u00f3n continuada en el \u00e1mbito de las Ciencias de la Salud.<\/i><\/b><\/p>\n<p class=\"p1\">Fomentamos y difundimos la formaci\u00f3n continuada en Ciencias de la Salud: \u00e1mbitos como las nuevas tecnolog\u00edas sanitarias, los \u00faltimos avances diagn\u00f3sticos y terap\u00e9uticos, planes de cuidados y educaci\u00f3n del paciente, la actualizaci\u00f3n de conocimientos y la especializaci\u00f3n profesional, entre otros, con el objetivo de que los profesionales sanitarios puedan adaptarse a las continuas exigencias de su profesi\u00f3n.<\/p>\n<p class=\"p3\">Desarrollamos, planificamos y damos apoyo log\u00edstico a las iniciativas formativas de los profesionales del Hospital Cl\u00ednic de Barcelona mediante el dise\u00f1o de cursos, asesoramiento, administraci\u00f3n y gesti\u00f3n, comercializaci\u00f3n y difusi\u00f3n de las actividades docentes.<\/p>\n<p class=\"p3\">El resultado es un amplio abanico de cursos de formaci\u00f3n continuada en salud de contrastada calidad y rigor cient\u00edficos.<\/p>\n<p>[\/et_pb_text][et_pb_button button_url=\u00bbhttp:\/\/www.aulaclinic.com\/\u00bb url_new_window=\u00bbon\u00bb button_text=\u00bbWeb\u00bb _builder_version=\u00bb4.20.2&#8243; _module_preset=\u00bbdefault\u00bb global_colors_info=\u00bb{}\u00bb][\/et_pb_button][\/et_pb_column][\/et_pb_row][et_pb_row column_structure=\u00bb1_3,2_3&#8243; use_custom_gutter=\u00bbon\u00bb gutter_width=\u00bb2&#8243; module_id=\u00bbclinic\u00bb _builder_version=\u00bb4.20.2&#8243; _module_preset=\u00bbdefault\u00bb custom_margin=\u00bb50px||90px||false|false\u00bb custom_padding=\u00bb||||false|false\u00bb global_colors_info=\u00bb{}\u00bb][et_pb_column type=\u00bb1_3&#8243; _builder_version=\u00bb4.20.2&#8243; _module_preset=\u00bbdefault\u00bb global_colors_info=\u00bb{}\u00bb][et_pb_blurb title=\u00bbCL\u00cdNIC BARCELONA HEALTH CONSULTING\u00bb image=\u00bbhttps:\/\/fundaciomonclinicbarcelona.cat\/wp-content\/uploads\/2023\/05\/gettyimages-1177064020-612&#215;612-1.jpg\u00bb _builder_version=\u00bb4.20.2&#8243; _module_preset=\u00bbdefault\u00bb header_font=\u00bb|700|||||||\u00bb header_text_color=\u00bb#FFFFFF\u00bb background_color=\u00bb#184887&#8243; image_icon_custom_margin=\u00bb||0px||false|false\u00bb custom_padding=\u00bb||||false|false\u00bb custom_css_blurb_image=\u00bbmargin:0;\u00bb custom_css_blurb_title=\u00bbpadding:25px;||\u00bb global_colors_info=\u00bb{}\u00bb background_color__hover=\u00bb#88D2E4&#8243; background__hover_enabled=\u00bbon|hover\u00bb background_enable_color__hover=\u00bbon\u00bb][\/et_pb_blurb][\/et_pb_column][et_pb_column type=\u00bb2_3&#8243; _builder_version=\u00bb4.20.2&#8243; _module_preset=\u00bbdefault\u00bb global_colors_info=\u00bb{}\u00bb][et_pb_text _builder_version=\u00bb4.20.2&#8243; _module_preset=\u00bbdefault\u00bb text_text_color=\u00bb#707070&#8243; global_colors_info=\u00bb{}\u00bb]<\/p>\n<h3 class=\"p1\"><b>CLINIC BARCELONA CONSULTING<\/b><\/h3>\n<p class=\"p1\"><em><b>Instrumento para exportar conocimiento a otras entidades de la sociedad <\/b><\/em><\/p>\n<p class=\"p1\">Fruto de la experiencia de los profesionales del Hospital Cl\u00ednic de Barcelona enfrent\u00e1ndose y resolviendo RETOS especialmente aplicables del Sector de la Salud, ponemos toda esta experiencia y <em><strong>knowhow<\/strong><\/em> a disposici\u00f3n de la sociedad, para ayudar a otros profesionales a enfrentarse a estos mismos retos, contribuyendo a la difusi\u00f3n del conocimiento a trav\u00e9s de proyectos de consultor\u00eda.<\/p>\n<p class=\"p1\">Un ejemplo de ello ser\u00eda la difusi\u00f3n del Conocimiento del <b>Espacio de Intercambio de Experiencias del Hospital Cl\u00ednic.<\/b><\/p>\n<p class=\"p1\">A partir de la metodolog\u00eda del living lab, el Espacio de Intercambio de Experiencias del Hospital Cl\u00ednic de Barcelona promueve un m\u00e9todo de trabajo innovador a trav\u00e9s de la co-creaci\u00f3n, el debate y la colaboraci\u00f3n entre todos los agentes implicados en el ecosistema sanitario, con especial \u00e9nfasis en la voz de los pacientes, cuidadores y ciudadanos.<\/p>\n<p>[\/et_pb_text][et_pb_button url_new_window=\u00bbon\u00bb button_text=\u00bbWeb\u00bb _builder_version=\u00bb4.20.2&#8243; _module_preset=\u00bbdefault\u00bb global_colors_info=\u00bb{}\u00bb][\/et_pb_button][\/et_pb_column][\/et_pb_row][et_pb_row column_structure=\u00bb1_3,2_3&#8243; use_custom_gutter=\u00bbon\u00bb gutter_width=\u00bb2&#8243; module_id=\u00bbmecenatge\u00bb _builder_version=\u00bb4.20.2&#8243; _module_preset=\u00bbdefault\u00bb custom_margin=\u00bb50px|auto|54px|auto|false|false\u00bb custom_padding=\u00bb||0px||false|false\u00bb global_colors_info=\u00bb{}\u00bb][et_pb_column type=\u00bb1_3&#8243; _builder_version=\u00bb4.20.2&#8243; _module_preset=\u00bbdefault\u00bb global_colors_info=\u00bb{}\u00bb][et_pb_blurb title=\u00bbMecenazgo &amp; Proyectos Sociales\u00bb image=\u00bbhttps:\/\/fundaciomonclinicbarcelona.cat\/wp-content\/uploads\/2023\/05\/Sembrant-Ciencia.jpg\u00bb _builder_version=\u00bb4.20.2&#8243; _module_preset=\u00bbdefault\u00bb header_font=\u00bb|700|||||||\u00bb header_text_color=\u00bb#FFFFFF\u00bb background_color=\u00bb#184887&#8243; image_icon_custom_margin=\u00bb||0px||false|false\u00bb custom_padding=\u00bb||||false|false\u00bb custom_css_blurb_image=\u00bbmargin:0;\u00bb custom_css_blurb_title=\u00bbpadding:25px;||\u00bb global_colors_info=\u00bb{}\u00bb background_color__hover=\u00bb#88D2E4&#8243; background__hover_enabled=\u00bbon|hover\u00bb background_enable_color__hover=\u00bbon\u00bb][\/et_pb_blurb][\/et_pb_column][et_pb_column type=\u00bb2_3&#8243; _builder_version=\u00bb4.20.2&#8243; _module_preset=\u00bbdefault\u00bb global_colors_info=\u00bb{}\u00bb][et_pb_text admin_label=\u00bbText\u00bb _builder_version=\u00bb4.20.2&#8243; _module_preset=\u00bbdefault\u00bb text_text_color=\u00bb#707070&#8243; global_colors_info=\u00bb{}\u00bb]<\/p>\n<h3 class=\"p1\"><b>MECENAZGO &amp; PROYECTOS SOCIALES<\/b><\/h3>\n<p><em><strong>Lideramos proyectos transformadores<\/strong><\/em><b><\/b><\/p>\n<p class=\"p3\">\n<p class=\"p3\"><span style=\"font-size: 15px;\">El \u00c1rea de Mecenazgo de la Fundaci\u00f3n M\u00f3n Cl\u00ednic despliega un modelo solidario a trav\u00e9s del cual construimos puentes con la sociedad para fomentar la participaci\u00f3n y canalizar la generosidad de las personas, organizaciones y entidades que quieren sumarse a nuestro compromiso de mejorar la salud global a trav\u00e9s de la investigaci\u00f3n, <span style=\"font-size: 15px;\">la innovaci\u00f3n, la asistencia y la divulgaci\u00f3n de conocimiento<\/span>.<\/span> <\/p>\n<p class=\"p3\"><span style=\"font-size: 15px;\">Para ello, el \u00e1rea implementa estrategias que impulsan la obtenci\u00f3n de recursos econ\u00f3micos provenientes de donaciones puntuales y peri\u00f3dicas, acciones solidarias y de micromecenazgo, legados, patrocinios y colaboraciones estrat\u00e9gicas de organizaciones y personas comprometidas con la salud de todos y el impulso de la medicina del futuro en el campus Cl\u00ednic.<\/span><\/p>\n<p>[\/et_pb_text][et_pb_button button_url=\u00bbhttps:\/\/dona.clinicbarcelona.org\/\u00bb url_new_window=\u00bbon\u00bb button_text=\u00bbWeb\u00bb _builder_version=\u00bb4.20.2&#8243; _module_preset=\u00bbdefault\u00bb global_colors_info=\u00bb{}\u00bb][\/et_pb_button][\/et_pb_column][\/et_pb_row][\/et_pb_section]<\/p>\n","protected":false},"excerpt":{"rendered":"<p>\u00c9stas son nuestras l\u00edneas de ActividadBCCC (Barcelona Clinical Coordinating Center) CRO (Contract Research Organization) acad\u00e9mica de referencia en ensayos cl\u00ednicos e investigaci\u00f3n. CRO Como CRO de servicio completo, nuestras soluciones incluyen todas las actividades, desde el dise\u00f1o, montaje y seguimiento de ensayos cl\u00ednicos y estudios de investigaci\u00f3n, hasta la gesti\u00f3n de datos, an\u00e1lisis estad\u00edsticos y [&hellip;]<\/p>\n","protected":false},"author":1,"featured_media":0,"parent":0,"menu_order":0,"comment_status":"closed","ping_status":"closed","template":"","meta":{"_et_pb_use_builder":"on","_et_pb_old_content":"","_et_gb_content_width":"","inline_featured_image":false,"footnotes":""},"class_list":["post-387","page","type-page","status-publish","hentry"],"_links":{"self":[{"href":"https:\/\/fundaciomonclinicbarcelona.cat\/es\/wp-json\/wp\/v2\/pages\/387","targetHints":{"allow":["GET"]}}],"collection":[{"href":"https:\/\/fundaciomonclinicbarcelona.cat\/es\/wp-json\/wp\/v2\/pages"}],"about":[{"href":"https:\/\/fundaciomonclinicbarcelona.cat\/es\/wp-json\/wp\/v2\/types\/page"}],"author":[{"embeddable":true,"href":"https:\/\/fundaciomonclinicbarcelona.cat\/es\/wp-json\/wp\/v2\/users\/1"}],"replies":[{"embeddable":true,"href":"https:\/\/fundaciomonclinicbarcelona.cat\/es\/wp-json\/wp\/v2\/comments?post=387"}],"version-history":[{"count":28,"href":"https:\/\/fundaciomonclinicbarcelona.cat\/es\/wp-json\/wp\/v2\/pages\/387\/revisions"}],"predecessor-version":[{"id":2407,"href":"https:\/\/fundaciomonclinicbarcelona.cat\/es\/wp-json\/wp\/v2\/pages\/387\/revisions\/2407"}],"wp:attachment":[{"href":"https:\/\/fundaciomonclinicbarcelona.cat\/es\/wp-json\/wp\/v2\/media?parent=387"}],"curies":[{"name":"wp","href":"https:\/\/api.w.org\/{rel}","templated":true}]}}